{"id":1558,"date":"2017-09-14T17:36:09","date_gmt":"2017-09-14T15:36:09","guid":{"rendered":"https:\/\/www.varya.it\/fr\/risultati-universita-torino\/"},"modified":"2020-08-03T18:14:17","modified_gmt":"2020-08-03T16:14:17","slug":"risultati-universita-torino","status":"publish","type":"page","link":"https:\/\/www.varya.it\/fr\/risultati-universita-torino\/","title":{"rendered":"Risultati testati dall&#8217;universit\u00e0 di Torino"},"content":{"rendered":"<p>[vc_row][vc_column][vc_raw_html]JTNDaDMlMjBzdHlsZSUzRCUyMmZvbnQtd2VpZ2h0JTNBJTIwYm9sZCUzQiUyMiUzRVIlQzMlQTlzdWx0YXRzJTIwdGVzdCVDMyVBOXMlMjBwYXIlMjBsJTI3VW5pdmVyc2l0JUMzJUE5JTIwZGUlMjBUdXJpbiUzQyUyRmgzJTNF[\/vc_raw_html][vc_empty_space][vc_column_text]<span style=\"text-align: justify;\"><br \/>\n<\/span><span lang=\"fr\">Les purificateurs d&#8217;air actuellement sur le march\u00e9 utilisent normalement un filtre qui les rend efficaces contre la poussi\u00e8re) ou de l&#8217;ozone (qui \u00e9limine les bact\u00e9ries, mais qui \u00e0 forte concentration est nocif pour la sant\u00e9 humaine et qui n&#8217;a aucun effet sur la poussi\u00e8re). Les purificateurs VARYA CONFORT combinent 4 technologies diff\u00e9rentes en une seule unit\u00e9, pour une efficacit\u00e9 d\u00e9montr\u00e9e par des tests de l&#8217;Universit\u00e9 de Turin et d&#8217;autres laboratoires.<\/span><\/p>\n<p>&nbsp;<\/p>\n<p>&nbsp;<\/p>\n<h3><strong><span lang=\"fr\">R\u00e9duction des polluants<\/span><\/strong><\/h3>\n<p><a class=\"dt-single-image\" href=\"https:\/\/www.varya.it\/wp-content\/uploads\/2017\/09\/grafico1_942px.jpg\" data-dt-img-description=\"\"><img loading=\"lazy\" class=\"wp-image-990\" src=\"https:\/\/www.varya.it\/wp-content\/uploads\/2017\/09\/grafico1_942px.jpg\" alt=\"Riduzione delle sostanze inquinanti\" width=\"100%\" height=\"542\" \/><\/a><\/p>\n<p style=\"text-align: justify;\"><span style=\"font-family: Consolas, Monaco, monospace;\">Le graphique \u00abR\u00e9duction des polluants\u00bb, illustre le% de r\u00e9duction des polluants pr\u00e9sents dans l&#8217;air de Turin. Le test a \u00e9t\u00e9 r\u00e9alis\u00e9 en mesurant la concentration de plus de 40 polluants diff\u00e9rents (COV ou compos\u00e9s organiques volatils) dans le temps et la r\u00e9duction due \u00e0 l&#8217;activation du purificateur VARYA CONFORT. Le graphique illustre une r\u00e9duction de la concentration moyenne de polluants de plus de 80%. Les tests ont \u00e9t\u00e9 r\u00e9alis\u00e9s par l&#8217;Universit\u00e9 de Turin, D\u00e9partement de chimie. Des tests complets sont disponibles pour consultation, sur demande<\/span><\/p>\n<p>&nbsp;<\/p>\n<p>&nbsp;<\/p>\n<h3><strong>D<span lang=\"fr\">\u00e9tail des substances polluantes pr\u00e9sentes dans l&#8217;air<\/span><\/strong><\/h3>\n<h3><a class=\"dt-single-image\" href=\"https:\/\/www.varya.it\/wp-content\/uploads\/2017\/09\/grafico31.jpg\" data-dt-img-description=\"\"><img loading=\"lazy\" class=\"wp-image-1029\" src=\"https:\/\/www.varya.it\/wp-content\/uploads\/2017\/09\/grafico31.jpg\" alt=\"Dettaglio delle sostanze inquinanti presenti nell'aria\" width=\"100%\" height=\"268\" srcset=\"https:\/\/www.varya.it\/wp-content\/uploads\/2017\/09\/grafico31.jpg 942w, https:\/\/www.varya.it\/wp-content\/uploads\/2017\/09\/grafico31-300x101.jpg 300w, https:\/\/www.varya.it\/wp-content\/uploads\/2017\/09\/grafico31-768x258.jpg 768w\" sizes=\"(max-width: 942px) 100vw, 942px\" \/><\/a><\/h3>\n<p><a class=\"dt-single-image\" href=\"https:\/\/www.varya.it\/wp-content\/uploads\/2017\/09\/grafico3bis.jpg\" data-dt-img-description=\"\"><img loading=\"lazy\" class=\"wp-image-1030\" src=\"https:\/\/www.varya.it\/wp-content\/uploads\/2017\/09\/grafico3bis.jpg\" alt=\"Dettaglio delle sostanze inquinanti presenti nell'aria\" width=\"100%\" height=\"262\" srcset=\"https:\/\/www.varya.it\/wp-content\/uploads\/2017\/09\/grafico3bis.jpg 942w, https:\/\/www.varya.it\/wp-content\/uploads\/2017\/09\/grafico3bis-300x98.jpg 300w, https:\/\/www.varya.it\/wp-content\/uploads\/2017\/09\/grafico3bis-768x252.jpg 768w\" sizes=\"(max-width: 942px) 100vw, 942px\" \/><\/a><\/p>\n<p style=\"text-align: justify;\">Con<span lang=\"fr\">centration \u00e0 l&#8217;entr\u00e9e et \u00e0 la sortie de la chambre d&#8217;essai des COV retrouv\u00e9s dans l&#8217;air. Les graphiques \u00abD\u00e9tail des substances polluantes pr\u00e9sentes dans l&#8217;air\u00bb montrent, pour presque tous les COV, une concentration en sortie nettement inf\u00e9rieure \u00e0 la concentration en entr\u00e9e, confirmant la r\u00e9duction des COV r\u00e9alis\u00e9e par le purificateur VARYA CONFORT<\/span><\/p>\n<h3><\/h3>\n<h3><\/h3>\n<h3><strong><span lang=\"fr\">R\u00e9duction des bact\u00e9ries, virus et particules fines<\/span><\/strong><\/h3>\n<h3><a class=\"dt-single-image\" href=\"https:\/\/www.varya.it\/wp-content\/uploads\/2017\/09\/grafico2.png\" data-dt-img-description=\"\"><img loading=\"lazy\" class=\"wp-image-991\" src=\"https:\/\/www.varya.it\/wp-content\/uploads\/2017\/09\/grafico2.png\" alt=\"Riduzione di batteri, virus e polveri sottili\" width=\"100%\" height=\"437\" srcset=\"https:\/\/www.varya.it\/wp-content\/uploads\/2017\/09\/grafico2.png 942w, https:\/\/www.varya.it\/wp-content\/uploads\/2017\/09\/grafico2-300x164.png 300w, https:\/\/www.varya.it\/wp-content\/uploads\/2017\/09\/grafico2-768x420.png 768w\" sizes=\"(max-width: 942px) 100vw, 942px\" \/><\/a><\/h3>\n<p style=\"text-align: justify;\"><span lang=\"fr\">Le graphique \u00abR\u00e9duction des bact\u00e9ries, virus et particules fines\u00bb montre la r\u00e9duction du pourcentage de charge bact\u00e9rienne, moisissures, levures et particules fines dans une chambre d&#8217;essai apr\u00e8s 240 heures. Le graphique illustre une r\u00e9duction significative de la concentration de chaque agent d\u00e9j\u00e0 ensach\u00e9 apr\u00e8s l&#8217;installation. La concentration a continu\u00e9 de diminuer avec le temps. Test r\u00e9alis\u00e9 par Floramo Corporation. Des tests complets sont disponibles pour consultation, sur demande<\/span><\/p>\n<h3><\/h3>\n<h3><\/h3>\n<h3><strong><span lang=\"fr\">R\u00e9duction de la concentration d&#8217;ac\u00e9tald\u00e9hyde<\/span><\/strong><\/h3>\n<h3><a class=\"dt-single-image\" href=\"https:\/\/www.varya.it\/wp-content\/uploads\/2017\/09\/grafico5.jpg\" data-dt-img-description=\"\"><img loading=\"lazy\" class=\"wp-image-994\" src=\"https:\/\/www.varya.it\/wp-content\/uploads\/2017\/09\/grafico5.jpg\" alt=\"Riduzione della concentrazione dell'Acetaldeide\" width=\"100%\" height=\"490\" srcset=\"https:\/\/www.varya.it\/wp-content\/uploads\/2017\/09\/grafico5.jpg 596w, https:\/\/www.varya.it\/wp-content\/uploads\/2017\/09\/grafico5-300x184.jpg 300w\" sizes=\"(max-width: 596px) 100vw, 596px\" \/><\/a><\/h3>\n<p style=\"text-align: justify;\"><span lang=\"fr\">Le graphique &#8220;R\u00e9duction de la concentration d&#8217;ac\u00e9tald\u00e9hyde&#8221; indique comment l&#8217;allumage d&#8217;un purificateur VARYA CONFORT abaisse drastiquement la concentration d&#8217;ac\u00e9tald\u00e9hyde dans un environnement, d\u00e9j\u00e0 apr\u00e8s quelques minutes. L&#8217;ac\u00e9tald\u00e9hyde est un produit chimique assez r\u00e9pandu dans les environnements dans lesquels nous vivons car il est pr\u00e9sent dans les peintures, les meubles et les mat\u00e9riaux d&#8217;ameublement, etc<\/span><\/p>\n<p>[\/vc_column_text][\/vc_column][\/vc_row]<\/p>\n","protected":false},"excerpt":{"rendered":"<p>[vc_row][vc_column][vc_raw_html]JTNDaDMlMjBzdHlsZSUzRCUyMmZvbnQtd2VpZ2h0JTNBJTIwYm9sZCUzQiUyMiUzRVIlQzMlQTlzdWx0YXRzJTIwdGVzdCVDMyVBOXMlMjBwYXIlMjBsJTI3VW5pdmVyc2l0JUMzJUE5JTIwZGUlMjBUdXJpbiUzQyUyRmgzJTNF[\/vc_raw_html][vc_empty_space][vc_column_text] Les purificateurs d&#8217;air actuellement sur le march\u00e9 utilisent normalement un filtre qui les rend efficaces contre la poussi\u00e8re) ou de l&#8217;ozone (qui \u00e9limine les bact\u00e9ries, mais qui \u00e0 forte concentration est nocif pour la sant\u00e9 humaine et qui n&#8217;a aucun effet sur la poussi\u00e8re). Les purificateurs VARYA CONFORT combinent 4 technologies diff\u00e9rentes en une&hellip;<\/p>\n","protected":false},"author":9,"featured_media":0,"parent":0,"menu_order":0,"comment_status":"closed","ping_status":"closed","template":"","meta":[],"yoast_head":"<!-- This site is optimized with the Yoast SEO plugin v15.2.1 - https:\/\/yoast.com\/wordpress\/plugins\/seo\/ -->\n<title>Purificatore Aria | Sanificazione Ambienti | Purificatori Varya<\/title>\n<meta name=\"description\" content=\"Specializzati nella Sanificazione degli Ambienti offriamo Purificatori Aria per ogni esigenza.Scopri i nostri prodotti.\" \/>\n<meta name=\"robots\" content=\"index, follow, max-snippet:-1, max-image-preview:large, max-video-preview:-1\" \/>\n<link rel=\"canonical\" href=\"https:\/\/www.varya.it\/fr\/risultati-universita-torino\/\" \/>\n<meta property=\"og:locale\" content=\"fr_FR\" \/>\n<meta property=\"og:type\" content=\"article\" \/>\n<meta property=\"og:title\" content=\"Purificatore Aria | Sanificazione Ambienti | Purificatori Varya\" \/>\n<meta property=\"og:description\" content=\"Specializzati nella Sanificazione degli Ambienti offriamo Purificatori Aria per ogni esigenza.Scopri i nostri prodotti.\" \/>\n<meta property=\"og:url\" content=\"https:\/\/www.varya.it\/fr\/risultati-universita-torino\/\" \/>\n<meta property=\"og:site_name\" content=\"Purificatori d&#039;aria - VARYA\" \/>\n<meta property=\"article:publisher\" content=\"https:\/\/www.facebook.com\/Purificatori.aria.Varya\/\" \/>\n<meta property=\"article:modified_time\" content=\"2020-08-03T16:14:17+00:00\" \/>\n<meta property=\"og:image\" content=\"https:\/\/www.varya.it\/wp-content\/uploads\/2017\/09\/grafico1_942px.jpg\" \/>\n<meta name=\"twitter:card\" content=\"summary_large_image\" \/>\n<meta name=\"twitter:label1\" content=\"\u00c9crit par\">\n\t<meta name=\"twitter:data1\" content=\"Nilushana Wijegunaratne\">\n\t<meta name=\"twitter:label2\" content=\"Dur\u00e9e de lecture est.\">\n\t<meta name=\"twitter:data2\" content=\"2 minutes\">\n<script type=\"application\/ld+json\" class=\"yoast-schema-graph\">{\"@context\":\"https:\/\/schema.org\",\"@graph\":[{\"@type\":\"Organization\",\"@id\":\"https:\/\/www.varya.it\/#organization\",\"name\":\"VARYA s.r.l.\",\"url\":\"https:\/\/www.varya.it\/\",\"sameAs\":[\"https:\/\/www.facebook.com\/Purificatori.aria.Varya\/\"],\"logo\":{\"@type\":\"ImageObject\",\"@id\":\"https:\/\/www.varya.it\/#logo\",\"inLanguage\":\"fr-FR\",\"url\":\"https:\/\/www.varya.it\/wp-content\/uploads\/2019\/06\/varya_logo.png\",\"width\":200,\"height\":183,\"caption\":\"VARYA s.r.l.\"},\"image\":{\"@id\":\"https:\/\/www.varya.it\/#logo\"}},{\"@type\":\"WebSite\",\"@id\":\"https:\/\/www.varya.it\/#website\",\"url\":\"https:\/\/www.varya.it\/\",\"name\":\"Purificatori d&#039;aria - VARYA\",\"description\":\"\",\"publisher\":{\"@id\":\"https:\/\/www.varya.it\/#organization\"},\"potentialAction\":[{\"@type\":\"SearchAction\",\"target\":\"https:\/\/www.varya.it\/?s={search_term_string}\",\"query-input\":\"required name=search_term_string\"}],\"inLanguage\":\"fr-FR\"},{\"@type\":\"ImageObject\",\"@id\":\"https:\/\/www.varya.it\/fr\/risultati-universita-torino\/#primaryimage\",\"inLanguage\":\"fr-FR\",\"url\":\"https:\/\/www.varya.it\/wp-content\/uploads\/2017\/09\/grafico1_942px.jpg\",\"width\":942,\"height\":617},{\"@type\":\"WebPage\",\"@id\":\"https:\/\/www.varya.it\/fr\/risultati-universita-torino\/#webpage\",\"url\":\"https:\/\/www.varya.it\/fr\/risultati-universita-torino\/\",\"name\":\"Purificatore Aria | Sanificazione Ambienti | Purificatori Varya\",\"isPartOf\":{\"@id\":\"https:\/\/www.varya.it\/#website\"},\"primaryImageOfPage\":{\"@id\":\"https:\/\/www.varya.it\/fr\/risultati-universita-torino\/#primaryimage\"},\"datePublished\":\"2017-09-14T15:36:09+00:00\",\"dateModified\":\"2020-08-03T16:14:17+00:00\",\"description\":\"Specializzati nella Sanificazione degli Ambienti offriamo Purificatori Aria per ogni esigenza.Scopri i nostri prodotti.\",\"inLanguage\":\"fr-FR\",\"potentialAction\":[{\"@type\":\"ReadAction\",\"target\":[\"https:\/\/www.varya.it\/fr\/risultati-universita-torino\/\"]}]}]}<\/script>\n<!-- \/ Yoast SEO plugin. -->","_links":{"self":[{"href":"https:\/\/www.varya.it\/fr\/wp-json\/wp\/v2\/pages\/1558\/"}],"collection":[{"href":"https:\/\/www.varya.it\/fr\/wp-json\/wp\/v2\/pages\/"}],"about":[{"href":"https:\/\/www.varya.it\/fr\/wp-json\/wp\/v2\/types\/page\/"}],"author":[{"embeddable":true,"href":"https:\/\/www.varya.it\/fr\/wp-json\/wp\/v2\/users\/9\/"}],"replies":[{"embeddable":true,"href":"https:\/\/www.varya.it\/fr\/wp-json\/wp\/v2\/comments\/?post=1558"}],"version-history":[{"count":5,"href":"https:\/\/www.varya.it\/fr\/wp-json\/wp\/v2\/pages\/1558\/revisions\/"}],"predecessor-version":[{"id":1581,"href":"https:\/\/www.varya.it\/fr\/wp-json\/wp\/v2\/pages\/1558\/revisions\/1581\/"}],"wp:attachment":[{"href":"https:\/\/www.varya.it\/fr\/wp-json\/wp\/v2\/media\/?parent=1558"}],"curies":[{"name":"wp","href":"https:\/\/api.w.org\/{rel}","templated":true}]}}