{"id":1544,"date":"2016-02-22T12:24:14","date_gmt":"2016-02-22T11:24:14","guid":{"rendered":"https:\/\/www.varya.it\/fr\/faq\/"},"modified":"2020-09-30T17:02:20","modified_gmt":"2020-09-30T15:02:20","slug":"faq","status":"publish","type":"page","link":"https:\/\/www.varya.it\/fr\/faq\/","title":{"rendered":"FAQ"},"content":{"rendered":"<p>[vc_row][vc_column][vc_raw_html]JTNDaDIlMjBjbGFzcyUzRCUyMmgyU290dG9saW5lYXRvJTIyJTNFRkFRJTNDJTJGaDIlM0UlMEElM0NoMyUyMGNsYXNzJTNEJTIyU290dG90aXRvbG8lMjIlM0VWb3VzJTIwc291aGFpdGV6JTIwZW4lMjBzYXZvaXIlMjBwbHVzJTIwc3VyJTIwbm9zJTIwcHJvZHVpdHMlMjBvdSUyMG5vdHJlJTIwc2VydmljZSUzRiUyMENvbnN1bHRleiUyMGxlcyUyMHF1ZXN0aW9ucyUyMGZyJUMzJUE5cXVlbW1lbnQlMjBwb3MlQzMlQTllcyUyMSUzQyUyRmgzJTNF[\/vc_raw_html][vc_empty_space height=&#8221;45px&#8221;][\/vc_column][\/vc_row][vc_row][vc_column][vc_accordion active_tab=&#8221;1&#8243;][vc_accordion_tab title=&#8221;<\/p>\n<h4>Comment choisir le bon purificateur d&#8217;air?<\/h4>\n<p>&#8220;][vc_column_text]Si le probl\u00e8me est l\u2019\u00e9limination des particules fines ( comme les fameux PM10 ou PM2,5 ou acariens ou pollen), les filtres \u00e9purateurs sont particuli\u00e8rement adapt\u00e9s (\u00e9ventuellement associ\u00e9s \u00e0 un ioniseur).<\/p>\n<p>Attention tous les filtres ne sont pas identiques et des filtres apparemment similaires ont des capacit\u00e9s de filtrage tr\u00e8s diff\u00e9rentes. Renseignez-vous toujours sur les caract\u00e9ristiques d\u2019un filtre pour obtenir les r\u00e9sultats escompt\u00e9s. Un filtre au niveau de filtration m\u00e9diocre ne changera que tr\u00e8s peu la qualit\u00e9 de l\u2019air ambiant.<\/p>\n<p>De plus, chaque filtre est efficace jusqu\u2019\u00e0 ce qu\u2019il soit satur\u00e9, apr\u00e8s quoi il ne fonctionnera plus.<\/p>\n<p>Contactez des fournisseurs capables de vous conseiller en fonction de vos besoins et rappelez-vous que les filtres doivent \u00eatre remplac\u00e9s p\u00e9riodiquement pour rester efficaces.<\/p>\n<p>Enfin, renseignez-vous sur le co\u00fbt des filtres. Plusieurs purificateurs sont \u00ab bon march\u00e9 \u00bb mais n\u00e9cessitent des changements fr\u00e9quents et on\u00e9reux.[\/vc_column_text][\/vc_accordion_tab][vc_accordion_tab title=&#8221;<\/p>\n<h4>Quelles sont les diff\u00e9rences entre vos produits et les parfumeurs?<\/h4>\n<p>&#8220;][vc_column_text]Les diff\u00e9rences sont fondamentales: les parfumeurs couvrent les odeurs; nos produits agissent sur les odeurs en \u00e9liminant leur cause (bact\u00e9ries, moisissures, vapeurs organiques d\u2019origine chimique, particules fines, allerg\u00e8nes, virus \u2026), avec un b\u00e9n\u00e9fice sant\u00e9 fondamental pour notre hygi\u00e8ne de vie. A contrario les diffuseurs de parfums g\u00e9n\u00e8rent des polluants chimiques nocifs.<\/p>\n<div id=\"gtx-trans\" style=\"position: absolute; left: 145px; top: -16px;\"><\/div>\n<p>[\/vc_column_text][\/vc_accordion_tab][vc_accordion_tab title=&#8221;<\/p>\n<h4>Diff\u00e9rents purificateurs utilisent diff\u00e9rentes technologies: quelle est la meilleure?<\/h4>\n<p>&#8220;][vc_column_text]Il n\u2019y a pas de technologie meilleure, mais il y a diff\u00e9rents types de polluant. Chaque technologie va permettre de s\u2019attaquer \u00e0 un type de polluant particulier. C\u2019est pourquoi les meilleurs purificateurs combinent normalement plusieurs technologies.[\/vc_column_text][\/vc_accordion_tab][vc_accordion_tab title=&#8221;<\/p>\n<h4>Quel est l&#8217;avantage des purificateurs avec filtres?<\/h4>\n<p>&#8220;][vc_column_text]Si le probl\u00e8me est l\u2019\u00e9limination des particules fines ( comme les fameux PM10 ou PM2,5 ou acariens ou pollen), les filtres \u00e9purateurs sont particuli\u00e8rement adapt\u00e9s (\u00e9ventuellement associ\u00e9s \u00e0 un ioniseur).<\/p>\n<p>Attention tous les filtres ne sont pas identiques et des filtres apparemment similaires ont des capacit\u00e9s de filtrage tr\u00e8s diff\u00e9rentes. Renseignez-vous toujours sur les caract\u00e9ristiques d\u2019un filtre pour obtenir les r\u00e9sultats escompt\u00e9s. Un filtre au niveau de filtration m\u00e9diocre ne changera que tr\u00e8s peu la qualit\u00e9 de l\u2019air ambiant.<\/p>\n<p>De plus, chaque filtre est efficace jusqu\u2019\u00e0 ce qu\u2019il soit satur\u00e9, apr\u00e8s quoi il ne fonctionnera plus.<\/p>\n<p>Contactez des fournisseurs capables de vous conseiller en fonction de vos besoins et rappelez-vous que les filtres doivent \u00eatre remplac\u00e9s p\u00e9riodiquement pour rester efficaces.<\/p>\n<p>Enfin, renseignez-vous sur le co\u00fbt des filtres. Plusieurs purificateurs sont \u00ab bon march\u00e9 \u00bb mais n\u00e9cessitent des changements fr\u00e9quents et on\u00e9reux.[\/vc_column_text][\/vc_accordion_tab][vc_accordion_tab title=&#8221;<\/p>\n<h4>\u00c0 quoi sert la photocatalyse?<\/h4>\n<p>&#8220;][vc_column_text]<\/p>\n<p style=\"line-height: 15.0pt;\"><span lang=\"FR\" style=\"font-size: 13.0pt; color: #444444;\">La photocatalyse est un proc\u00e9d\u00e9 naturel particuli\u00e8rement efficace pour r\u00e9soudre les probl\u00e8mes li\u00e9s aux COV ou compos\u00e9s organiques volatils.<span class=\"apple-converted-space\">\u00a0<\/span><\/span><\/p>\n<p style=\"line-height: 15.0pt;\"><span lang=\"FR\" style=\"font-size: 13.0pt; color: #444444;\">Les COV sont des produits chimiques souvent trouv\u00e9s en quantit\u00e9s importantes dans les environnements dans lesquels nous vivons. <\/span><\/p>\n<p style=\"line-height: 15.0pt;\"><span lang=\"FR\" style=\"font-size: 13.0pt; color: #444444;\">L\u2019origine des COV est diff\u00e9rente: ils sont g\u00e9n\u00e9r\u00e9s par les peintures, les rev\u00eatements, les emballages, les meubles mais aussi par le processus de combustion des hydrocarbures (pour les voitures ou pour le chauffage). Des exemples peuvent \u00eatre le benz\u00e8ne, le formald\u00e9hyde, l\u2019ac\u00e9tone, etc.<span class=\"apple-converted-space\">\u00a0<\/span><\/span><\/p>\n<p style=\"line-height: 15.0pt;\"><span lang=\"FR\" style=\"font-size: 13.0pt; color: #444444;\">En hiver, lorsque les fen\u00eatres restent ferm\u00e9es et qu\u2019il y a peu de changements d\u2019air, les concentrations peuvent \u00eatre particuli\u00e8rement \u00e9lev\u00e9es et certaines de ces substances \u00e0 fortes concentrations sont canc\u00e9rig\u00e8nes.<span class=\"apple-converted-space\">\u00a0On estime \u00e0 20,000 par an le nombre de d\u00e9c\u00e8s li\u00e9s \u00e0 6 produits chimiques pr\u00e9sents dans les lieux ferm\u00e9s.<\/span><\/span><\/p>\n<p style=\"line-height: 15.0pt;\"><span lang=\"FR\" style=\"font-size: 13.0pt; color: #444444;\">La photocatalyse d\u00e9compose les mol\u00e9cules de ces substances et les rend inoffensives pour l\u2019homme.<span class=\"apple-converted-space\">\u00a0<\/span><\/span><\/p>\n<p style=\"line-height: 15.0pt;\"><span lang=\"FR\" style=\"font-size: 13.0pt; color: #444444;\">Voir les tests r\u00e9alis\u00e9s par l\u2019Universit\u00e9 de Turin sur les purificateurs VARYA CONFORT, VARYA SILENT et VARYA EXTREME utilisant la photocatalyse (et d\u2019autres technologies), pour plus d\u2019informations et de r\u00e9sultats.<\/span><\/p>\n<p>&nbsp;<\/p>\n<div id=\"gtx-trans\" style=\"position: absolute; left: 88px; top: -16px;\"><\/div>\n<p>[\/vc_column_text][\/vc_accordion_tab][vc_accordion_tab title=&#8221;<\/p>\n<h4>Et si nous avons un probl\u00e8me d\u2019odeur d\u00e9sagr\u00e9able?<\/h4>\n<p>&#8220;][vc_column_text]Cela d\u00e9pend de la cause des odeurs. S&#8217;il s&#8217;agit d&#8217;odeurs g\u00e9n\u00e9r\u00e9es par des mat\u00e9riaux (c&#8217;est-\u00e0-dire d&#8217;origine chimique), la photocatalyse aura certainement son effet (voir question pr\u00e9c\u00e9dente). Si les odeurs sont caus\u00e9es par des bact\u00e9ries (par exemple dans les toilettes, cuisines\u2026), des solutions telles que les rayons UV ou l&#8217;ozone sont particuli\u00e8rement efficaces. Dans les deux cas, cependant, il est conseill\u00e9 de contacter un expert pour trouver le produit adapt\u00e9 \u00e0 vos besoins.<\/p>\n<div id=\"gtx-trans\" style=\"position: absolute; left: 114px; top: -16px;\"><\/div>\n<p>[\/vc_column_text][\/vc_accordion_tab][vc_accordion_tab title=&#8221;<\/p>\n<h4>Certains fournisseurs affirment que la lumi\u00e8re UV \u00e9limine 99,9% des bact\u00e9ries et virus. Est-ce que c&#8217;est vrai?<\/h4>\n<p>&#8220;][vc_column_text]<span lang=\"fr\">Oui et non &#8230; Il est vrai que la lumi\u00e8re ultraviolette aux longueurs d&#8217;onde comprises dans la bande UV-C (entre 280 et 100 nanom\u00e8tres) modifie l&#8217;ADN ou l&#8217;ARN des microorganismes et les emp\u00eache de se reproduire ou d&#8217;\u00eatre nocif. Il s&#8217;agit d&#8217;une technologie consolid\u00e9e et efficace utilis\u00e9e depuis des d\u00e9cennies dans une grande vari\u00e9t\u00e9 d&#8217;applications, par exemple la d\u00e9sinfection des aliments, de l&#8217;eau et de l&#8217;air. Cependant, il est n\u00e9cessaire de faire la distinction entre l&#8217;efficacit\u00e9 de la lumi\u00e8re UV-C et l&#8217;efficacit\u00e9 du purificateur car, pour que l&#8217;effet bact\u00e9ricide se produise, l&#8217;air doit \u00eatre expos\u00e9 \u00e0 la lumi\u00e8re UV-C pendant un temps suffisant. Si, par exemple, le d\u00e9bit d&#8217;air est trop \u00e9lev\u00e9, l&#8217;action bact\u00e9ricide sera minime. Pour cette raison, nous recommandons toujours de demander au fournisseur des donn\u00e9es qui certifient les performances du purificateur et non les performances g\u00e9n\u00e9riques d&#8217;une lampe.<\/span><\/p>\n<div id=\"gtx-trans\" style=\"position: absolute; left: 209px; top: 51px;\"><\/div>\n<p>[\/vc_column_text][\/vc_accordion_tab][vc_accordion_tab title=&#8221;<\/p>\n<h4>Sur le march\u00e9, je vois des purificateurs avec des d\u00e9bits d&#8217;air tr\u00e8s diff\u00e9rents. Comment comprendre ce dont j&#8217;ai besoin?<\/h4>\n<p>&#8220;][vc_column_text]Malheureusement, le d\u00e9bit d\u2019air est un param\u00e8tre souvent utilis\u00e9 \u00e0 tort par ceux qui vendent.<\/p>\n<p>En r\u00e9alit\u00e9, ce n\u2019est pas tant le flux d\u2019air qui compte, mais la question de savoir si l\u2019air est purifi\u00e9 et quels types de pollution sont trait\u00e9s. Un bon nombre de produits sur le march\u00e9 ne sont gu\u00e8re plus que des ventilateurs car ils \u00ab d\u00e9placent \u00bb de grandes quantit\u00e9s d\u2019air mais leur capacit\u00e9 de traitement d\u2019air est tr\u00e8s faible.<\/p>\n<p>Les types de filtres utilis\u00e9s sont de qualit\u00e9s diff\u00e9rentes. On parle de filtre HEPA, de charbon actif de fa\u00e7on g\u00e9n\u00e9rique\u2026 et pourtant leur degr\u00e9 ou niveau de filtration et d\u2019action sont rarement sp\u00e9cifi\u00e9s&#8230; or ces informations sont essentielles afin de garantir une efficacit\u00e9 optimale des purificateurs d\u2019air.<\/p>\n<p>Pour cette raison, nous recommandons toujours de demander au fournisseur des donn\u00e9es attestant les performances du purificateur (et pas seulement de regarder le nombre de m\u00e8tres cubes \/ heure qui traversent l\u2019unit\u00e9).[\/vc_column_text][\/vc_accordion_tab][vc_accordion_tab title=&#8221;<\/p>\n<h4>Comment ils sont install\u00e9s?<\/h4>\n<p>&#8220;][vc_column_text]<span lang=\"it-IT\">Pour les purificateurs VARYA CONFORT, SILENT ET XTREME, l&#8217;installation est tr\u00e8s simple: selon les situations d&#8217;utilisation, le purificateur peut \u00eatre pos\u00e9 sur une surface ou mont\u00e9 sur un mur. Chaque unit\u00e9 est livr\u00e9e avec les instructions d&#8217;installation et le mat\u00e9riel n\u00e9cessaire (chevilles, pieds, c\u00e2ble avec prise et interrupteur). Le manuel d&#8217;installation et d&#8217;entretien peut \u00e9galement \u00eatre t\u00e9l\u00e9charg\u00e9 \u00e0 partir de ce site. <\/span><\/p>\n<p><span lang=\"it-IT\">Les autres purificateurs de la gamme VARYA ne n\u00e9cessitent pas d&#8217;installation et peuvent en effet \u00eatre d\u00e9plac\u00e9s d&#8217;une pi\u00e8ce \u00e0 l&#8217;autre selon les besoins: il vous suffit d&#8217;une prise de courant \u00e0 proximit\u00e9<\/span><\/p>\n<p>[\/vc_column_text][\/vc_accordion_tab][vc_accordion_tab title=&#8221;<\/p>\n<h4>Les purificateurs d&#8217;air ont besoin d&#8217;entretien?<\/h4>\n<p>&#8220;][vc_column_text]Oui, pour rester efficaces dans le temps, tous les purificateurs d\u2019air n\u00e9cessitent un entretien p\u00e9riodique.<\/p>\n<p>En g\u00e9n\u00e9ral, cela implique le remplacement des filtres ou de la lampe UV et un nettoyage p\u00e9riodique de l\u2019appareil. La fr\u00e9quence des remplacements d\u00e9pend du mod\u00e8le et de la situation d\u2019utilisation.<\/p>\n<p>Dans des situations extr\u00eames d\u2019environnements poussi\u00e9reux ou fortement pollu\u00e9s, le remplacement des filtres peut s\u2019av\u00e9rer n\u00e9cessaire apr\u00e8s quelques mois.<\/p>\n<p>Nous vous conseillons de toujours bien vous renseigner sur la maintenance d\u2019un purificateur avant de l\u2019acheter.<\/p>\n<p>Des propositions particuli\u00e8rement \u00ab\u00a0bon march\u00e9\u00a0\u00bb peuvent alors entra\u00eener des co\u00fbts de maintenance importants (ou, r\u00e9ciproquement, un produit qui ne purifie plus au bout de peu de temps)<\/p>\n<p>&nbsp;<\/p>\n<div id=\"gtx-trans\" style=\"position: absolute; left: 148px; top: -16px;\"><\/div>\n<p>[\/vc_column_text][\/vc_accordion_tab][\/vc_accordion][\/vc_column][\/vc_row]<\/p>\n","protected":false},"excerpt":{"rendered":"<p>[vc_row][vc_column][vc_raw_html]JTNDaDIlMjBjbGFzcyUzRCUyMmgyU290dG9saW5lYXRvJTIyJTNFRkFRJTNDJTJGaDIlM0UlMEElM0NoMyUyMGNsYXNzJTNEJTIyU290dG90aXRvbG8lMjIlM0VWb3VzJTIwc291aGFpdGV6JTIwZW4lMjBzYXZvaXIlMjBwbHVzJTIwc3VyJTIwbm9zJTIwcHJvZHVpdHMlMjBvdSUyMG5vdHJlJTIwc2VydmljZSUzRiUyMENvbnN1bHRleiUyMGxlcyUyMHF1ZXN0aW9ucyUyMGZyJUMzJUE5cXVlbW1lbnQlMjBwb3MlQzMlQTllcyUyMSUzQyUyRmgzJTNF[\/vc_raw_html][vc_empty_space height=&#8221;45px&#8221;][\/vc_column][\/vc_row][vc_row][vc_column][vc_accordion active_tab=&#8221;1&#8243;][vc_accordion_tab title=&#8221; Comment choisir le bon purificateur d&#8217;air? &#8220;][vc_column_text]Si le probl\u00e8me est l\u2019\u00e9limination des particules fines ( comme les fameux PM10 ou PM2,5 ou acariens ou pollen), les filtres \u00e9purateurs sont particuli\u00e8rement adapt\u00e9s (\u00e9ventuellement associ\u00e9s \u00e0 un ioniseur). Attention tous les filtres ne sont pas identiques et des filtres apparemment similaires ont des&hellip;<\/p>\n","protected":false},"author":9,"featured_media":0,"parent":0,"menu_order":0,"comment_status":"closed","ping_status":"closed","template":"","meta":[],"yoast_head":"<!-- This site is optimized with the Yoast SEO plugin v15.2.1 - https:\/\/yoast.com\/wordpress\/plugins\/seo\/ -->\n<title>Purificatore Aria | Sanificazione Ambienti | Purificatori Varya<\/title>\n<meta name=\"description\" content=\"Specializzati nella Sanificazione degli Ambienti offriamo Purificatori Aria per ogni esigenza.Scopri i nostri prodotti.\" \/>\n<meta name=\"robots\" content=\"index, follow, max-snippet:-1, max-image-preview:large, max-video-preview:-1\" \/>\n<link rel=\"canonical\" href=\"https:\/\/www.varya.it\/fr\/faq\/\" \/>\n<meta property=\"og:locale\" content=\"fr_FR\" \/>\n<meta property=\"og:type\" content=\"article\" \/>\n<meta property=\"og:title\" content=\"Purificatore Aria | Sanificazione Ambienti | Purificatori Varya\" \/>\n<meta property=\"og:description\" content=\"Specializzati nella Sanificazione degli Ambienti offriamo Purificatori Aria per ogni esigenza.Scopri i nostri prodotti.\" \/>\n<meta property=\"og:url\" content=\"https:\/\/www.varya.it\/fr\/faq\/\" \/>\n<meta property=\"og:site_name\" content=\"Purificatori d&#039;aria - VARYA\" \/>\n<meta property=\"article:publisher\" content=\"https:\/\/www.facebook.com\/Purificatori.aria.Varya\/\" \/>\n<meta property=\"article:modified_time\" content=\"2020-09-30T15:02:20+00:00\" \/>\n<meta property=\"og:image\" content=\"https:\/\/www.varya.it\/wp-content\/uploads\/2019\/01\/varya-tecnologia.jpg\" \/>\n\t<meta property=\"og:image:width\" content=\"816\" \/>\n\t<meta property=\"og:image:height\" content=\"631\" \/>\n<meta name=\"twitter:card\" content=\"summary_large_image\" \/>\n<meta name=\"twitter:label1\" content=\"\u00c9crit par\">\n\t<meta name=\"twitter:data1\" content=\"Nilushana Wijegunaratne\">\n\t<meta name=\"twitter:label2\" content=\"Dur\u00e9e de lecture est.\">\n\t<meta name=\"twitter:data2\" content=\"6 minutes\">\n<script type=\"application\/ld+json\" class=\"yoast-schema-graph\">{\"@context\":\"https:\/\/schema.org\",\"@graph\":[{\"@type\":\"Organization\",\"@id\":\"https:\/\/www.varya.it\/#organization\",\"name\":\"VARYA s.r.l.\",\"url\":\"https:\/\/www.varya.it\/\",\"sameAs\":[\"https:\/\/www.facebook.com\/Purificatori.aria.Varya\/\"],\"logo\":{\"@type\":\"ImageObject\",\"@id\":\"https:\/\/www.varya.it\/#logo\",\"inLanguage\":\"fr-FR\",\"url\":\"https:\/\/www.varya.it\/wp-content\/uploads\/2019\/06\/varya_logo.png\",\"width\":200,\"height\":183,\"caption\":\"VARYA s.r.l.\"},\"image\":{\"@id\":\"https:\/\/www.varya.it\/#logo\"}},{\"@type\":\"WebSite\",\"@id\":\"https:\/\/www.varya.it\/#website\",\"url\":\"https:\/\/www.varya.it\/\",\"name\":\"Purificatori d&#039;aria - VARYA\",\"description\":\"\",\"publisher\":{\"@id\":\"https:\/\/www.varya.it\/#organization\"},\"potentialAction\":[{\"@type\":\"SearchAction\",\"target\":\"https:\/\/www.varya.it\/?s={search_term_string}\",\"query-input\":\"required name=search_term_string\"}],\"inLanguage\":\"fr-FR\"},{\"@type\":\"WebPage\",\"@id\":\"https:\/\/www.varya.it\/fr\/faq\/#webpage\",\"url\":\"https:\/\/www.varya.it\/fr\/faq\/\",\"name\":\"Purificatore Aria | Sanificazione Ambienti | Purificatori Varya\",\"isPartOf\":{\"@id\":\"https:\/\/www.varya.it\/#website\"},\"datePublished\":\"2016-02-22T11:24:14+00:00\",\"dateModified\":\"2020-09-30T15:02:20+00:00\",\"description\":\"Specializzati nella Sanificazione degli Ambienti offriamo Purificatori Aria per ogni esigenza.Scopri i nostri prodotti.\",\"inLanguage\":\"fr-FR\",\"potentialAction\":[{\"@type\":\"ReadAction\",\"target\":[\"https:\/\/www.varya.it\/fr\/faq\/\"]}]}]}<\/script>\n<!-- \/ Yoast SEO plugin. -->","_links":{"self":[{"href":"https:\/\/www.varya.it\/fr\/wp-json\/wp\/v2\/pages\/1544\/"}],"collection":[{"href":"https:\/\/www.varya.it\/fr\/wp-json\/wp\/v2\/pages\/"}],"about":[{"href":"https:\/\/www.varya.it\/fr\/wp-json\/wp\/v2\/types\/page\/"}],"author":[{"embeddable":true,"href":"https:\/\/www.varya.it\/fr\/wp-json\/wp\/v2\/users\/9\/"}],"replies":[{"embeddable":true,"href":"https:\/\/www.varya.it\/fr\/wp-json\/wp\/v2\/comments\/?post=1544"}],"version-history":[{"count":11,"href":"https:\/\/www.varya.it\/fr\/wp-json\/wp\/v2\/pages\/1544\/revisions\/"}],"predecessor-version":[{"id":1664,"href":"https:\/\/www.varya.it\/fr\/wp-json\/wp\/v2\/pages\/1544\/revisions\/1664\/"}],"wp:attachment":[{"href":"https:\/\/www.varya.it\/fr\/wp-json\/wp\/v2\/media\/?parent=1544"}],"curies":[{"name":"wp","href":"https:\/\/api.w.org\/{rel}","templated":true}]}}