{"id":1542,"date":"2016-02-22T18:17:40","date_gmt":"2016-02-22T17:17:40","guid":{"rendered":"https:\/\/www.varya.it\/fr\/cookie\/"},"modified":"2020-08-03T17:08:53","modified_gmt":"2020-08-03T15:08:53","slug":"cookie","status":"publish","type":"page","link":"https:\/\/www.varya.it\/fr\/cookie\/","title":{"rendered":"Cookie"},"content":{"rendered":"<div class=\"three-thirds column\">\n<h3><strong>Mentions l\u00e9gales<\/strong><\/h3>\n<p>Merci de lire avec attention les diff\u00e9rentes modalit\u00e9s d\u2019utilisation du pr\u00e9sent site avant d\u2019y parcourir ses pages. En vous connectant sur ce site, vous acceptez sans r\u00e9serve les pr\u00e9sentes modalit\u00e9s. Aussi, conform\u00e9ment \u00e0 l\u2019article n\u00b06 de la Loi n\u00b02004-575 du 21 Juin 2004 pour la confiance dans l\u2019\u00e9conomie num\u00e9rique, les responsables du pr\u00e9sent site internet\u00a0<a href=\"http:\/\/dfdfdfd.pf7.wpserveur.net\/\">www.varya.it<\/a><u>\/fr<\/u>\u00a0sont:<\/p>\n<p><strong>\u00a0<\/strong><\/p>\n<p><strong>EDITEUR DU SITE :<\/strong><\/p>\n<p>Varya srl<\/p>\n<p>Responsable \u00e9ditorial : Livio Reynaudo<\/p>\n<p>Indirizzo, telefono, fax, email, numero di iscrizione al registro imprese<\/p>\n<p>&nbsp;<\/p>\n<p>Site Web :\u00a0<a href=\"http:\/\/dfdfdfd.pf7.wpserveur.net\/\">www.varya.it<\/a><u>\/fr<\/u><\/p>\n<p><strong>\u00a0<\/strong><\/p>\n<p><strong>H\u00c9BERGEMENT :<\/strong><\/p>\n<p>H\u00e9bergeur : hosting\u2026\u2026\u2026\u2026\u2026\u2026\u2026\u2026\u2026<\/p>\n<p>Site Web : sito web soc. Hasting<\/p>\n<p><strong>\u00a0<\/strong><\/p>\n<p><strong>CONDITIONS D\u2019UTILISATION :<\/strong><\/p>\n<p>Ce site (<a href=\"http:\/\/www.varya.it\">www.varya.it<\/a>\/fr) est propos\u00e9 en diff\u00e9rents langages web (HTML, HTML5, Javascript, CSS, etc\u2026) pour un meilleur confort d\u2019utilisation et un graphisme plus agr\u00e9able, nous vous recommandons de recourir \u00e0 des navigateurs modernes comme Internet explorer, Safari, Firefox, Google Chrome, etc\u2026<\/p>\n<p>L\u2019entreprise Varya srl met en \u0153uvre tous les moyens dont elle dispose pour assurer une information fiable et une mise \u00e0 jour fiable de ses sites internet. Toutefois, des erreurs ou omissions peuvent survenir. L\u2019internaute devra donc s\u2019assurer de l\u2019exactitude des informations aupr\u00e8s de Varya srl et signaler toutes modifications du site qu\u2019il jugerait utile. Varya srl n\u2019est en aucun cas responsable de l\u2019utilisation faite de ces informations, et de tout pr\u00e9judice direct ou indirect pouvant en d\u00e9couler.<\/p>\n<p><strong>COOKIES<\/strong>\u00a0:<\/p>\n<p>Le site\u00a0<a href=\"http:\/\/dfdfdfd.pf7.wpserveur.net\/\">www.varya.it<\/a><u>\/fr<\/u>\u00a0peut \u00eatre amen\u00e9 \u00e0 vous demander l\u2019acceptation des cookies pour des besoins de statistiques et d\u2019affichage. Un cookie est une information d\u00e9pos\u00e9e sur votre disque dur par le serveur du site que vous visitez. Il contient plusieurs donn\u00e9es qui sont stock\u00e9es sur votre ordinateur dans un simple fichier texte auquel un serveur acc\u00e8de pour lire et enregistrer des informations. Certaines parties de ce site ne peuvent \u00eatre fonctionnelles sans l\u2019acceptation de cookies.<\/p>\n<p><strong>\u00a0<\/strong><\/p>\n<p><strong>LIENS HYPERTEXTES :<\/strong><\/p>\n<p>Les sites internet de Varya srl peuvent offrir des liens vers d\u2019autres sites internet ou d\u2019autres ressources disponibles sur Internet. Varya srl ne dispose d\u2019aucun moyen pour contr\u00f4ler les sites en connexion avec ses sites internet. Varya srl ne r\u00e9pond pas de la disponibilit\u00e9 de tels sites et sources externes, ni ne la garantit. Elle ne peut \u00eatre tenue pour responsable de tout dommage, de quelque nature qu\u2019elle soit, r\u00e9sultant du contenu de ces sites ou sources externes, et notamment des informations, produits ou services qu\u2019ils proposent, ou de tout usage qui peut \u00eatre fait de ces \u00e9l\u00e9ments. Les risques li\u00e9s \u00e0 cette utilisation incombent pleinement \u00e0 l\u2019internaute, qui doit se conformer \u00e0 leurs conditions d\u2019utilisation. Les utilisateurs, les abonn\u00e9s et les visiteurs des sites internet de ne peuvent mettre en place un hyperlien en direction de ce site sans l\u2019autorisation expresse et pr\u00e9alable de Rica Lewis. Dans l\u2019hypoth\u00e8se o\u00f9 un utilisateur ou visiteur souhaiterait mettre en place un hyperlien en direction d\u2019un des sites internet de Rica Lewis, il lui appartiendra d\u2019adresser un email accessible sur le site afin de formuler sa demande de mise en place d\u2019un hyperlien. Varya srl se r\u00e9serve le droit d\u2019accepter ou de refuser un hyperlien sans avoir \u00e0 en justifier sa d\u00e9cision.<\/p>\n<p><strong>SERVICES FOURNIS :<\/strong><\/p>\n<p>L\u2019ensemble des activit\u00e9s de la soci\u00e9t\u00e9 ainsi que ses informations sont pr\u00e9sent\u00e9s sur notre site\u00a0<a href=\"http:\/\/dfdfdfd.pf7.wpserveur.net\/\">www.varya.it<\/a><u>\/fr<\/u>.<\/p>\n<p>Varya srl s\u2019efforce de fournir sur le site www.varya.it\/fr des informations aussi pr\u00e9cises que possible. Les renseignements figurant sur le site\u00a0<a href=\"http:\/\/dfdfdfd.pf7.wpserveur.net\/\">www.varya.it<\/a><u>\/fr<\/u>\u00a0ne sont pas exhaustifs et les photos non contractuelles. Ils sont donn\u00e9s sous r\u00e9serve de modifications ayant \u00e9t\u00e9 apport\u00e9es depuis leur mise en ligne. Par ailleurs, toutes les informations indiqu\u00e9es sur le site www.varya.it\/fr sont donn\u00e9es \u00e0 titre indicatif, et sont susceptibles de changer ou d\u2019\u00e9voluer sans pr\u00e9avis.<\/p>\n<p><strong>\u00a0<\/strong><\/p>\n<p><strong>LIMITATION CONTRACTUELLES SUR LES DONN\u00c9ES :<\/strong><\/p>\n<p>Les informations contenues sur ce site sont aussi pr\u00e9cises que possible et le site remis \u00e0 jour \u00e0 diff\u00e9rentes p\u00e9riodes de l\u2019ann\u00e9e, mais peut toutefois contenir des inexactitudes ou des omissions. Si vous constatez une lacune, erreur ou ce qui parait \u00eatre un dysfonctionnement, merci de bien vouloir le signaler par email, \u00e0 l\u2019adresse contact@varya.fr en d\u00e9crivant le probl\u00e8me de la mani\u00e8re la plus pr\u00e9cise possible (page posant probl\u00e8me, type d\u2019ordinateur et de navigateur utilis\u00e9, \u2026). Tout contenu t\u00e9l\u00e9charg\u00e9 se fait aux risques et p\u00e9rils de l\u2019utilisateur et sous sa seule responsabilit\u00e9. En cons\u00e9quence, Varya srl ne saurait \u00eatre tenu responsable d\u2019un quelconque dommage subi par l\u2019ordinateur de l\u2019utilisateur ou d\u2019une quelconque perte de donn\u00e9es cons\u00e9cutive\u00a0 au t\u00e9l\u00e9chargement. De plus, l\u2019utilisateur du site s\u2019engage \u00e0 acc\u00e9der au site en utilisant un mat\u00e9riel r\u00e9cent, ne contenant pas de virus et avec un navigateur de derni\u00e8re g\u00e9n\u00e9ration mis \u00e0 jour Les liens hypertextes mis en place dans le cadre du pr\u00e9sent site internet en direction d\u2019autres ressources pr\u00e9sentes sur le r\u00e9seau Internet ne sauraient engager la responsabilit\u00e9 de Rica Lewis.<\/p>\n<p><strong>PROPRI\u00c9T\u00c9 INTELLECTUELLE :<\/strong><\/p>\n<p>Tout le contenu pr\u00e9sent sur le site\u00a0<a href=\"http:\/\/dfdfdfd.pf7.wpserveur.net\/\">www.varya.it<\/a><u>\/fr<\/u>, incluant, de fa\u00e7on non limitative, les graphismes, images, textes, vid\u00e9os, animations, sons, logos, gifs et ic\u00f4nes ainsi que leurs mises en forme sont la propri\u00e9t\u00e9 exclusive de la soci\u00e9t\u00e9 \u00e0 l\u2019exception des marques, logos ou contenus appartenant \u00e0 d\u2019autres soci\u00e9t\u00e9s partenaires ou auteurs. Toute reproduction, distribution, modification, adaptation, retransmission ou publication, m\u00eame partielle, de ces diff\u00e9rents \u00e9l\u00e9ments est strictement interdite sans l\u2019accord expr\u00e8s par \u00e9crit de Rica Lewis. Cette repr\u00e9sentation ou reproduction, par quelque proc\u00e9d\u00e9 que ce soit, constitue une contrefa\u00e7on sanctionn\u00e9e par les articles L.335-2 et suivants du Code de la propri\u00e9t\u00e9 intellectuelle. Le non-respect de cette interdiction constitue une contrefa\u00e7on pouvant engager la responsabilit\u00e9 civile et p\u00e9nale du contrefacteur. En outre, les propri\u00e9taires des contenus copi\u00e9s pourraient intenter une action en justice \u00e0 votre encontre.<\/p>\n<p><strong>\u00a0<\/strong><\/p>\n<p><strong>LITIGES :<\/strong><\/p>\n<p>Les pr\u00e9sentes conditions du site\u00a0<a href=\"http:\/\/dfdfdfd.pf7.wpserveur.net\/\">www.varya.it<\/a><u>\/fr<\/u>\u00a0sont r\u00e9gies par les lois italiennes et toute contestation ou litige qui pourraient na\u00eetre de l\u2019interpr\u00e9tation ou de l\u2019ex\u00e9cution de celles-ci seront de la comp\u00e9tence exclusive des tribunaux dont d\u00e9pend le si\u00e8ge social de la soci\u00e9t\u00e9. La langue de r\u00e9f\u00e9rence, pour le r\u00e8glement de contentieux \u00e9ventuels, est le fran\u00e7ais.<\/p>\n<p><strong>\u00a0<\/strong><\/p>\n<p><strong>DONN\u00c9ES PERSONNELLES :<\/strong><\/p>\n<p>De mani\u00e8re g\u00e9n\u00e9rale, vous n\u2019\u00eates pas tenu de nous communiquer vos donn\u00e9es personnelles lorsque vous visitez notre site internet\u00a0<a href=\"http:\/\/dfdfdfd.pf7.wpserveur.net\/\">www.varya.it<\/a><u>\/fr<\/u>. Cependant, ce principe comporte certaines exceptions. En effet, pour certains services propos\u00e9s par notre site, vous pouvez \u00eatre amen\u00e9s \u00e0 nous communiquer certaines donn\u00e9es telles que : votre nom, votre fonction, le nom de votre soci\u00e9t\u00e9, votre adresse \u00e9lectronique, et votre num\u00e9ro de t\u00e9l\u00e9phone.<\/p>\n<p>Tel est le cas lorsque vous remplissez le formulaire qui vous est propos\u00e9 en ligne, dans la rubrique \u00ab contact \u00bb. Dans tous les cas, vous pouvez refuser de fournir vos donn\u00e9es personnelles.<\/p>\n<p>Dans ce cas, vous ne pourrez pas utiliser les services du site, notamment celui de solliciter des renseignements sur notre soci\u00e9t\u00e9, ou de recevoir les lettres d\u2019information. Enfin, nous pouvons collecter de mani\u00e8re automatique certaines informations vous concernant lors d\u2019une simple navigation sur notre site Internet, notamment : des informations concernant l\u2019utilisation de notre site, comme les zones que vous visitez et les services auxquels vous acc\u00e9dez, votre adresse IP, le type de votre navigateur, vos temps d\u2019acc\u00e8s.<\/p>\n<p>De telles informations sont utilis\u00e9es exclusivement \u00e0 des fins de statistiques internes, de mani\u00e8re \u00e0 am\u00e9liorer la qualit\u00e9 des services qui vous sont propos\u00e9s. Les bases de donn\u00e9es sont prot\u00e9g\u00e9es par les dispositions de la loi du 1er juillet 1998 transposant la directive 96\/9 du 11 mars 1996 relative \u00e0 la protection juridique des bases de donn\u00e9es.<\/p>\n<p>&nbsp;<\/p>\n<p><strong>Information sur l\u2019utilisation des donn\u00e9es personnelles<\/strong><\/p>\n<p>Les informations recueillies par nos formulaires sont enregistr\u00e9es dans un fichier informatis\u00e9 par\u00a0Varya srl, (indirizzo, telefono, fax, email, numero di iscrizione reg imprese) repr\u00e9sent\u00e9e par son Repr\u00e9sentant Legal <strong>Livio Reynaudo?<\/strong><strong>\u00a0<\/strong>pour\u00a0:<\/p>\n<ol>\n<li>Gestion des contrats (p. ex. : gestion des commandes, de la livraison, de l\u2019ex\u00e9cution du service ou fourniture du bien, des factures et paiements) ;<\/li>\n<li>Gestion de programmes de fid\u00e9lit\u00e9 ;<\/li>\n<li>tenue de la comptabilit\u00e9 g\u00e9n\u00e9rale et des comptabilit\u00e9s auxiliaires qui peuvent lui \u00eatre rattach\u00e9es ;<\/li>\n<li>\u00e9tablissement de statistiques financi\u00e8res ;<\/li>\n<li>R\u00e9alisation d\u2019enqu\u00eates de satisfaction et d\u2019\u00e9tudes clients comprenant les sondages, les tests produits, les statistiques de vente r\u00e9alis\u00e9es par l\u2019organisme concern\u00e9 ;<\/li>\n<li>Gestion des r\u00e9clamations, du service apr\u00e8s-vente et des garanties ;<\/li>\n<li>R\u00e9alisation d\u2019actions de prospection commerciale et de marketing (envoi de messages publicitaires)<\/li>\n<\/ol>\n<p>La base l\u00e9gale du traitement est\u00a0:<\/p>\n<ol>\n<li>Votre consentement libre, sp\u00e9cifique, \u00e9clair\u00e9 et univoque<\/li>\n<li>L\u2019ex\u00e9cution, soit d\u2019un contrat auquel dont vous \u00eates partie, soit de mesures pr\u00e9contractuelles prises \u00e0 votre demande.<\/li>\n<\/ol>\n<p>&nbsp;<\/p>\n<p>Dans nos formulaires de collecte, les donn\u00e9es dont la fourniture est obligatoire sont marqu\u00e9es par via d\u2019ast\u00e9risques. \u00a0Votre refus de remplir tous les champs indiqu\u00e9s comme\u00a0 obligatoires\u00a0 entra\u00eenera l&#8217;impossibilit\u00e9\u00a0de\u00a0la\u00a0part de la Soci\u00e9t\u00e9 de g\u00e9rer vos demandes ou de vous offrir\u00a0les\u00a0produits offerts par Varya srl .<\/p>\n<p>&nbsp;<\/p>\n<p>Les donn\u00e9es collect\u00e9es seront communiqu\u00e9es aux seuls destinataires suivants :<\/p>\n<ol>\n<li>Prestataires (sous-traitants transport, logistique);<\/li>\n<li>Institutions financi\u00e8res et ses intermediaires.<\/li>\n<\/ol>\n<p>&nbsp;<\/p>\n<p>Les donn\u00e9es sont conserv\u00e9es pendant\u00a0dix ann\u00e9es.<\/p>\n<p>Vous pouvez acc\u00e9der aux donn\u00e9es vous concernant, les rectifier, demander leur effacement ou exercer votre droit \u00e0 la limitation du traitement de vos donn\u00e9es.\u00a0 Vous pouvez retirer \u00e0 tout moment votre consentement au traitement de vos donn\u00e9es\u00a0; Vous pouvez \u00e9galement vous opposer au traitement de vos donn\u00e9es\u00a0; Vous pouvez \u00e9galement exercer votre droit \u00e0 la portabilit\u00e9 de vos donn\u00e9es<\/p>\n<p>Consultez le site\u00a0cnil.fr pour plus d\u2019informations sur vos droits.<\/p>\n<p>Pour exercer ces droits ou pour toute question sur le traitement de vos donn\u00e9es dans ce dispositif, vous pouvez contacter\u00a0notre service charg\u00e9 de l\u2019exercice de ces droits: Service information clients contact@varya.fr<\/p>\n<p>&nbsp;<\/p>\n<p>Si vous estimez, apr\u00e8s nous avoir contact\u00e9s, que vos droits \u00ab\u00a0Informatique et Libert\u00e9s\u00a0\u00bb ne sont pas respect\u00e9s, vous pouvez adresser une r\u00e9clamation \u00e0 la CNIL.<\/p>\n<\/div>\n","protected":false},"excerpt":{"rendered":"<p>Mentions l\u00e9gales Merci de lire avec attention les diff\u00e9rentes modalit\u00e9s d\u2019utilisation du pr\u00e9sent site avant d\u2019y parcourir ses pages. En vous connectant sur ce site, vous acceptez sans r\u00e9serve les pr\u00e9sentes modalit\u00e9s. Aussi, conform\u00e9ment \u00e0 l\u2019article n\u00b06 de la Loi n\u00b02004-575 du 21 Juin 2004 pour la confiance dans l\u2019\u00e9conomie num\u00e9rique, les responsables du pr\u00e9sent&hellip;<\/p>\n","protected":false},"author":9,"featured_media":0,"parent":0,"menu_order":0,"comment_status":"closed","ping_status":"closed","template":"","meta":[],"yoast_head":"<!-- This site is optimized with the Yoast SEO plugin v15.2.1 - https:\/\/yoast.com\/wordpress\/plugins\/seo\/ -->\n<title>Purificatore Aria | Sanificazione Ambienti | Purificatori Varya<\/title>\n<meta name=\"description\" content=\"Specializzati nella Sanificazione degli Ambienti offriamo Purificatori Aria per ogni esigenza.Scopri i nostri prodotti.\" \/>\n<meta name=\"robots\" content=\"index, follow, max-snippet:-1, max-image-preview:large, max-video-preview:-1\" \/>\n<link rel=\"canonical\" href=\"https:\/\/www.varya.it\/fr\/cookie\/\" \/>\n<meta property=\"og:locale\" content=\"fr_FR\" \/>\n<meta property=\"og:type\" content=\"article\" \/>\n<meta property=\"og:title\" content=\"Purificatore Aria | Sanificazione Ambienti | Purificatori Varya\" \/>\n<meta property=\"og:description\" content=\"Specializzati nella Sanificazione degli Ambienti offriamo Purificatori Aria per ogni esigenza.Scopri i nostri prodotti.\" \/>\n<meta property=\"og:url\" content=\"https:\/\/www.varya.it\/fr\/cookie\/\" \/>\n<meta property=\"og:site_name\" content=\"Purificatori d&#039;aria - VARYA\" \/>\n<meta property=\"article:publisher\" content=\"https:\/\/www.facebook.com\/Purificatori.aria.Varya\/\" \/>\n<meta property=\"article:modified_time\" content=\"2020-08-03T15:08:53+00:00\" \/>\n<meta property=\"og:image\" content=\"https:\/\/www.varya.it\/wp-content\/uploads\/2019\/01\/varya-tecnologia.jpg\" \/>\n\t<meta property=\"og:image:width\" content=\"816\" \/>\n\t<meta property=\"og:image:height\" content=\"631\" \/>\n<meta name=\"twitter:card\" content=\"summary_large_image\" \/>\n<meta name=\"twitter:label1\" content=\"\u00c9crit par\">\n\t<meta name=\"twitter:data1\" content=\"Nilushana Wijegunaratne\">\n\t<meta name=\"twitter:label2\" content=\"Dur\u00e9e de lecture est.\">\n\t<meta name=\"twitter:data2\" content=\"7 minutes\">\n<script type=\"application\/ld+json\" class=\"yoast-schema-graph\">{\"@context\":\"https:\/\/schema.org\",\"@graph\":[{\"@type\":\"Organization\",\"@id\":\"https:\/\/www.varya.it\/#organization\",\"name\":\"VARYA s.r.l.\",\"url\":\"https:\/\/www.varya.it\/\",\"sameAs\":[\"https:\/\/www.facebook.com\/Purificatori.aria.Varya\/\"],\"logo\":{\"@type\":\"ImageObject\",\"@id\":\"https:\/\/www.varya.it\/#logo\",\"inLanguage\":\"fr-FR\",\"url\":\"https:\/\/www.varya.it\/wp-content\/uploads\/2019\/06\/varya_logo.png\",\"width\":200,\"height\":183,\"caption\":\"VARYA s.r.l.\"},\"image\":{\"@id\":\"https:\/\/www.varya.it\/#logo\"}},{\"@type\":\"WebSite\",\"@id\":\"https:\/\/www.varya.it\/#website\",\"url\":\"https:\/\/www.varya.it\/\",\"name\":\"Purificatori d&#039;aria - VARYA\",\"description\":\"\",\"publisher\":{\"@id\":\"https:\/\/www.varya.it\/#organization\"},\"potentialAction\":[{\"@type\":\"SearchAction\",\"target\":\"https:\/\/www.varya.it\/?s={search_term_string}\",\"query-input\":\"required name=search_term_string\"}],\"inLanguage\":\"fr-FR\"},{\"@type\":\"WebPage\",\"@id\":\"https:\/\/www.varya.it\/fr\/cookie\/#webpage\",\"url\":\"https:\/\/www.varya.it\/fr\/cookie\/\",\"name\":\"Purificatore Aria | Sanificazione Ambienti | Purificatori Varya\",\"isPartOf\":{\"@id\":\"https:\/\/www.varya.it\/#website\"},\"datePublished\":\"2016-02-22T17:17:40+00:00\",\"dateModified\":\"2020-08-03T15:08:53+00:00\",\"description\":\"Specializzati nella Sanificazione degli Ambienti offriamo Purificatori Aria per ogni esigenza.Scopri i nostri prodotti.\",\"inLanguage\":\"fr-FR\",\"potentialAction\":[{\"@type\":\"ReadAction\",\"target\":[\"https:\/\/www.varya.it\/fr\/cookie\/\"]}]}]}<\/script>\n<!-- \/ Yoast SEO plugin. -->","_links":{"self":[{"href":"https:\/\/www.varya.it\/fr\/wp-json\/wp\/v2\/pages\/1542\/"}],"collection":[{"href":"https:\/\/www.varya.it\/fr\/wp-json\/wp\/v2\/pages\/"}],"about":[{"href":"https:\/\/www.varya.it\/fr\/wp-json\/wp\/v2\/types\/page\/"}],"author":[{"embeddable":true,"href":"https:\/\/www.varya.it\/fr\/wp-json\/wp\/v2\/users\/9\/"}],"replies":[{"embeddable":true,"href":"https:\/\/www.varya.it\/fr\/wp-json\/wp\/v2\/comments\/?post=1542"}],"version-history":[{"count":4,"href":"https:\/\/www.varya.it\/fr\/wp-json\/wp\/v2\/pages\/1542\/revisions\/"}],"predecessor-version":[{"id":1572,"href":"https:\/\/www.varya.it\/fr\/wp-json\/wp\/v2\/pages\/1542\/revisions\/1572\/"}],"wp:attachment":[{"href":"https:\/\/www.varya.it\/fr\/wp-json\/wp\/v2\/media\/?parent=1542"}],"curies":[{"name":"wp","href":"https:\/\/api.w.org\/{rel}","templated":true}]}}