{"id":1540,"date":"2016-02-22T12:04:18","date_gmt":"2016-02-22T11:04:18","guid":{"rendered":"https:\/\/www.varya.it\/fr\/contatti\/"},"modified":"2020-08-04T11:24:30","modified_gmt":"2020-08-04T09:24:30","slug":"contacts","status":"publish","type":"page","link":"https:\/\/www.varya.it\/fr\/contacts\/","title":{"rendered":"Contacts"},"content":{"rendered":"<p>[vc_row][vc_column][vc_raw_html]JTNDaDIlMjBjbGFzcyUzRCUyMmgyU290dG9saW5lYXRvJTIyJTNFQ09OVEFUVEklMjAtJTIwVkFSWUElM0MlMkZoMiUzRSUwQSUzQ2gzJTIwY2xhc3MlM0QlMjJTb3R0b3RpdG9sbyUyMiUzRVJlbXBsaXNzZXolMjBsZSUyMGZvcm11bGFpcmUlMjBwb3VyJTIwZGVtYW5kZXIlMjB1biUyMGRldmlzJTIwb3UlMjB0b3V0ZSUyMGluZm9ybWF0aW9uJTIwc3VyJTIwbm9zJTIwcHJvZHVpdHMlMjElM0MlMkZoMyUzRQ==[\/vc_raw_html][\/vc_column][\/vc_row][vc_row][vc_column][vc_empty_space height=&#8221;45px&#8221;][vc_column_text]<\/p>\n<h4><span style=\"font-weight: normal;\"><strong>CONTACTEZ-NOUS POUR UNE \u00c9VALUATION SANS ENGAGEMENT<\/strong><br \/>\n<div role=\"form\" class=\"wpcf7\" id=\"wpcf7-f1583-o1\" lang=\"it-IT\" dir=\"ltr\">\n<div class=\"screen-reader-response\"><p role=\"status\" aria-live=\"polite\" aria-atomic=\"true\"><\/p> <ul><\/ul><\/div>\n<form action=\"\/fr\/wp-json\/wp\/v2\/pages\/1540\/#wpcf7-f1583-o1\" method=\"post\" class=\"wpcf7-form init\" novalidate=\"novalidate\" data-status=\"init\">\n<div style=\"display: none;\">\n<input type=\"hidden\" name=\"_wpcf7\" value=\"1583\" \/>\n<input type=\"hidden\" name=\"_wpcf7_version\" value=\"5.3.2\" \/>\n<input type=\"hidden\" name=\"_wpcf7_locale\" value=\"it_IT\" \/>\n<input type=\"hidden\" name=\"_wpcf7_unit_tag\" value=\"wpcf7-f1583-o1\" \/>\n<input type=\"hidden\" name=\"_wpcf7_container_post\" value=\"0\" \/>\n<input type=\"hidden\" name=\"_wpcf7_posted_data_hash\" value=\"\" \/>\n<\/div>\n<p class=\"In1\"><span class=\"wpcf7-form-control-wrap your-name\"><input type=\"text\" name=\"your-name\" value=\"\" size=\"40\" class=\"wpcf7-form-control wpcf7-text wpcf7-validates-as-required\" aria-required=\"true\" aria-invalid=\"false\" placeholder=\"Nom et pr\u00e9nom*\" \/><\/span><\/p>\n<p class=\"In2\"><span class=\"wpcf7-form-control-wrap text-87\"><input type=\"text\" name=\"text-87\" value=\"\" size=\"40\" class=\"wpcf7-form-control wpcf7-text wpcf7-validates-as-required\" aria-required=\"true\" aria-invalid=\"false\" placeholder=\"Compagnie*\" \/><\/span><\/p>\n<p class=\"In1\"><span class=\"wpcf7-form-control-wrap tel-26\"><input type=\"tel\" name=\"tel-26\" value=\"\" size=\"40\" class=\"wpcf7-form-control wpcf7-text wpcf7-tel wpcf7-validates-as-required wpcf7-validates-as-tel\" aria-required=\"true\" aria-invalid=\"false\" placeholder=\"T\u00e9l\u00e9phone*\" \/><\/span><\/p>\n<p class=\"In2\"><span class=\"wpcf7-form-control-wrap your-email\"><input type=\"email\" name=\"your-email\" value=\"\" size=\"40\" class=\"wpcf7-form-control wpcf7-text wpcf7-email wpcf7-validates-as-required wpcf7-validates-as-email\" aria-required=\"true\" aria-invalid=\"false\" placeholder=\"Email*\" \/><\/span><\/p>\n<div class=\"pulisci\"><\/div>\n<p><span class=\"wpcf7-form-control-wrap your-message\"><textarea name=\"your-message\" cols=\"40\" rows=\"10\" class=\"wpcf7-form-control wpcf7-textarea\" aria-invalid=\"false\" placeholder=\"Message*\"><\/textarea><\/span><span id=\"wpcf7-69f9e80bca0f0\" class=\"wpcf7-form-control-wrap acceptance-165-wrap\" style=\"display:none !important; visibility:hidden !important;\"><label  class=\"hp-message\">Veuillez laisser ce champ vide.<\/label><input class=\"wpcf7-form-control wpcf7-text\"  type=\"text\" name=\"acceptance-165\" value=\"\" size=\"40\" tabindex=\"-1\" autocomplete=\"nope\" \/><\/span><\/p>\n<div class=\"pulisci\"><\/div>\n<p class=\"AcPiccolo\"><span class=\"wpcf7-form-control-wrap acceptance-735\"><span class=\"wpcf7-form-control wpcf7-acceptance\"><span class=\"wpcf7-list-item\"><input type=\"checkbox\" name=\"acceptance-735\" value=\"1\" aria-invalid=\"false\" checked=\"checked\" \/><\/span><\/span><\/span>J'ai lu les informations sur la <a href=\"https:\/\/www.varya.it\/fr\/privacy\/\">Politique de confidentialit\u00e9<\/a> et autorise le traitement de mes donn\u00e9es personnelles conform\u00e9ment au r\u00e8glement UE n\u00b0 2016\/679 - GDPR*<\/p>\n<div class=\"pulisci\"><\/div>\n<p><input type=\"submit\" value=\"Soumettre\" class=\"wpcf7-form-control wpcf7-submit\" \/><\/p>\n<div class=\"wpcf7-response-output\" aria-hidden=\"true\"><\/div><\/form><\/div><\/span><\/h4>\n<p>[\/vc_column_text][\/vc_column][\/vc_row]<\/p>\n","protected":false},"excerpt":{"rendered":"<p>[vc_row][vc_column][vc_raw_html]JTNDaDIlMjBjbGFzcyUzRCUyMmgyU290dG9saW5lYXRvJTIyJTNFQ09OVEFUVEklMjAtJTIwVkFSWUElM0MlMkZoMiUzRSUwQSUzQ2gzJTIwY2xhc3MlM0QlMjJTb3R0b3RpdG9sbyUyMiUzRVJlbXBsaXNzZXolMjBsZSUyMGZvcm11bGFpcmUlMjBwb3VyJTIwZGVtYW5kZXIlMjB1biUyMGRldmlzJTIwb3UlMjB0b3V0ZSUyMGluZm9ybWF0aW9uJTIwc3VyJTIwbm9zJTIwcHJvZHVpdHMlMjElM0MlMkZoMyUzRQ==[\/vc_raw_html][\/vc_column][\/vc_row][vc_row][vc_column][vc_empty_space height=&#8221;45px&#8221;][vc_column_text] CONTACTEZ-NOUS POUR UNE \u00c9VALUATION SANS ENGAGEMENT [\/vc_column_text][\/vc_column][\/vc_row]<\/p>\n","protected":false},"author":9,"featured_media":0,"parent":0,"menu_order":0,"comment_status":"closed","ping_status":"closed","template":"","meta":[],"yoast_head":"<!-- This site is optimized with the Yoast SEO plugin v15.2.1 - https:\/\/yoast.com\/wordpress\/plugins\/seo\/ -->\n<title>Purificatore Aria | Sanificazione Ambienti | Purificatori Varya<\/title>\n<meta name=\"description\" content=\"Specializzati nella Sanificazione degli Ambienti offriamo Purificatori Aria per ogni esigenza.Scopri i nostri prodotti.\" \/>\n<meta name=\"robots\" content=\"index, follow, max-snippet:-1, max-image-preview:large, max-video-preview:-1\" \/>\n<link rel=\"canonical\" href=\"https:\/\/www.varya.it\/fr\/contacts\/\" \/>\n<meta property=\"og:locale\" content=\"fr_FR\" \/>\n<meta property=\"og:type\" content=\"article\" \/>\n<meta property=\"og:title\" content=\"Purificatore Aria | Sanificazione Ambienti | Purificatori Varya\" \/>\n<meta property=\"og:description\" content=\"Specializzati nella Sanificazione degli Ambienti offriamo Purificatori Aria per ogni esigenza.Scopri i nostri prodotti.\" \/>\n<meta property=\"og:url\" content=\"https:\/\/www.varya.it\/fr\/contacts\/\" \/>\n<meta property=\"og:site_name\" content=\"Purificatori d&#039;aria - VARYA\" \/>\n<meta property=\"article:publisher\" content=\"https:\/\/www.facebook.com\/Purificatori.aria.Varya\/\" \/>\n<meta property=\"article:modified_time\" content=\"2020-08-04T09:24:30+00:00\" \/>\n<meta property=\"og:image\" content=\"https:\/\/www.varya.it\/wp-content\/uploads\/2019\/01\/varya-tecnologia.jpg\" \/>\n\t<meta property=\"og:image:width\" content=\"816\" \/>\n\t<meta property=\"og:image:height\" content=\"631\" \/>\n<meta name=\"twitter:card\" content=\"summary_large_image\" \/>\n<meta name=\"twitter:label1\" content=\"\u00c9crit par\">\n\t<meta name=\"twitter:data1\" content=\"Nilushana Wijegunaratne\">\n\t<meta name=\"twitter:label2\" content=\"Dur\u00e9e de lecture est.\">\n\t<meta name=\"twitter:data2\" content=\"0 minutes\">\n<script type=\"application\/ld+json\" class=\"yoast-schema-graph\">{\"@context\":\"https:\/\/schema.org\",\"@graph\":[{\"@type\":\"Organization\",\"@id\":\"https:\/\/www.varya.it\/#organization\",\"name\":\"VARYA s.r.l.\",\"url\":\"https:\/\/www.varya.it\/\",\"sameAs\":[\"https:\/\/www.facebook.com\/Purificatori.aria.Varya\/\"],\"logo\":{\"@type\":\"ImageObject\",\"@id\":\"https:\/\/www.varya.it\/#logo\",\"inLanguage\":\"fr-FR\",\"url\":\"https:\/\/www.varya.it\/wp-content\/uploads\/2019\/06\/varya_logo.png\",\"width\":200,\"height\":183,\"caption\":\"VARYA s.r.l.\"},\"image\":{\"@id\":\"https:\/\/www.varya.it\/#logo\"}},{\"@type\":\"WebSite\",\"@id\":\"https:\/\/www.varya.it\/#website\",\"url\":\"https:\/\/www.varya.it\/\",\"name\":\"Purificatori d&#039;aria - VARYA\",\"description\":\"\",\"publisher\":{\"@id\":\"https:\/\/www.varya.it\/#organization\"},\"potentialAction\":[{\"@type\":\"SearchAction\",\"target\":\"https:\/\/www.varya.it\/?s={search_term_string}\",\"query-input\":\"required name=search_term_string\"}],\"inLanguage\":\"fr-FR\"},{\"@type\":\"WebPage\",\"@id\":\"https:\/\/www.varya.it\/fr\/contacts\/#webpage\",\"url\":\"https:\/\/www.varya.it\/fr\/contacts\/\",\"name\":\"Purificatore Aria | Sanificazione Ambienti | Purificatori Varya\",\"isPartOf\":{\"@id\":\"https:\/\/www.varya.it\/#website\"},\"datePublished\":\"2016-02-22T11:04:18+00:00\",\"dateModified\":\"2020-08-04T09:24:30+00:00\",\"description\":\"Specializzati nella Sanificazione degli Ambienti offriamo Purificatori Aria per ogni esigenza.Scopri i nostri prodotti.\",\"inLanguage\":\"fr-FR\",\"potentialAction\":[{\"@type\":\"ReadAction\",\"target\":[\"https:\/\/www.varya.it\/fr\/contacts\/\"]}]}]}<\/script>\n<!-- \/ Yoast SEO plugin. -->","_links":{"self":[{"href":"https:\/\/www.varya.it\/fr\/wp-json\/wp\/v2\/pages\/1540\/"}],"collection":[{"href":"https:\/\/www.varya.it\/fr\/wp-json\/wp\/v2\/pages\/"}],"about":[{"href":"https:\/\/www.varya.it\/fr\/wp-json\/wp\/v2\/types\/page\/"}],"author":[{"embeddable":true,"href":"https:\/\/www.varya.it\/fr\/wp-json\/wp\/v2\/users\/9\/"}],"replies":[{"embeddable":true,"href":"https:\/\/www.varya.it\/fr\/wp-json\/wp\/v2\/comments\/?post=1540"}],"version-history":[{"count":5,"href":"https:\/\/www.varya.it\/fr\/wp-json\/wp\/v2\/pages\/1540\/revisions\/"}],"predecessor-version":[{"id":1605,"href":"https:\/\/www.varya.it\/fr\/wp-json\/wp\/v2\/pages\/1540\/revisions\/1605\/"}],"wp:attachment":[{"href":"https:\/\/www.varya.it\/fr\/wp-json\/wp\/v2\/media\/?parent=1540"}],"curies":[{"name":"wp","href":"https:\/\/api.w.org\/{rel}","templated":true}]}}